{"id":917,"date":"2017-07-24T19:59:35","date_gmt":"2017-07-24T22:59:35","guid":{"rendered":"http:\/\/www.herbertfx.com\/?page_id=917"},"modified":"2025-07-01T21:01:15","modified_gmt":"2025-07-02T00:01:15","slug":"centro-de-pesquisa-hf-adapter-gimx","status":"publish","type":"page","link":"https:\/\/herbertfx.com\/","title":{"rendered":"CENTRO DE PESQUISA HF ADAPTER GIMX"},"content":{"rendered":"<p>BEM VINDO AO MUNDO HF ADAPTER GIMX!!<\/p>\n<p>Aqui voc\u00ea vai tirar as principais duvidas do produto:<\/p>\n<p>O que \u00e9 HF ADAPTER??<a href=\"http:\/\/www.herbertfx.com\/wp-content\/uploads\/2017\/07\/v5-4.png\" rel=\"lightbox-0\" data-rel=\"lightbox-image-0\" data-rl_title=\"\" data-rl_caption=\"\" title=\"\"><img loading=\"lazy\" decoding=\"async\" class=\"size-full wp-image-934 alignright\" src=\"http:\/\/www.herbertfx.com\/wp-content\/uploads\/2017\/07\/v5-4.png\" alt=\"\" width=\"385\" height=\"216\" srcset=\"https:\/\/herbertfx.com\/wp-content\/uploads\/2017\/07\/v5-4-300x168.png 300w, https:\/\/herbertfx.com\/wp-content\/uploads\/2017\/07\/v5-4-50x28.png 50w, https:\/\/herbertfx.com\/wp-content\/uploads\/2017\/07\/v5-4-148x83.png 148w, https:\/\/herbertfx.com\/wp-content\/uploads\/2017\/07\/v5-4-31x17.png 31w, https:\/\/herbertfx.com\/wp-content\/uploads\/2017\/07\/v5-4-38x21.png 38w, https:\/\/herbertfx.com\/wp-content\/uploads\/2017\/07\/v5-4-383x215.png 383w\" sizes=\"auto, (max-width: 385px) 100vw, 385px\" \/><\/a><br \/>\nR: Adaptador para tornar compat\u00edvel os principais volantes\u00a0do mercado.<\/p>\n<p>Voc\u00ea adquiriu o HF Adapter GIMX. Com este adaptador \u00e9 poss\u00edvel utilizar os seguintes volantes em jogos no PS4: Logitech Driving Force Pro, Logitech Driving Force GT, Logitech Momo Force, Logitech Momo Racing, Logitech G25, Logitech G27 dentre outros.<\/p>\n<p><strong>Instala\u00e7\u00f5es dos Softwares<\/strong><\/p>\n<p>Abaixo seguem algumas instru\u00e7\u00f5es de instala\u00e7\u00e3o.<\/p>\n<ul>\n<li>Identifique o modelo do seu volante e baixe o Driver de seu volante em seu notebook ou desktop. O Driver de seu volante poder\u00e1 ser facilmente achado no site oficial do fabricante do volante.Ex: Logitech; Thrustmaster;<\/li>\n<li>Ligue seu volante em seu computador atrav\u00e9s do cabo USB <strong>no seu computador<\/strong>.<\/li>\n<li><strong>Ligue seu controle do PS4 no seu computador (N\u00c3O \u00c9 NESCESSARIO LIGAR ELE APENAS CONECTALO AO PC)<\/strong><\/li>\n<li>Agora vamos instalar o programa GIMX, o programa que o HF Adapter GIMX vai utilizar para que voc\u00ea possa utilizar seu volante no PS4.<\/li>\n<\/ul>\n<p>Para baixar e instalar o programa acesse o link descrito ao lado e escolha sua vers\u00e3o do sistema operacional: <a href=\"https:\/\/drive.google.com\/open?id=1X73_-UYV4Wb_RjMC6r7NcXEgJ0H9a01E\">https:\/\/herbertfx.com\/hfadapter<\/a><\/p>\n<p>Este passo \u00e9 bastante simples.\u00a0Basta executar setup.exe de seu desktop e siga as etapas de instala\u00e7\u00e3o, de prefer\u00eancia com o local de instala\u00e7\u00e3o padr\u00e3o,<\/p>\n<p><strong>\u00c9 importante que todos as caixas estejam selecionadas durante o processo de instala\u00e7\u00e3o de drivers<\/strong>.<\/p>\n<p><a href=\"http:\/\/www.herbertfx.com\/wp-content\/uploads\/2017\/07\/v1.jpg\" rel=\"lightbox-1\" data-rel=\"lightbox-image-1\" data-rl_title=\"\" data-rl_caption=\"\" title=\"\"><img loading=\"lazy\" decoding=\"async\" class=\"aligncenter size-full wp-image-919\" src=\"http:\/\/www.herbertfx.com\/wp-content\/uploads\/2017\/07\/v1.jpg\" alt=\"\" width=\"600\" height=\"260\" srcset=\"https:\/\/herbertfx.com\/wp-content\/uploads\/2017\/07\/v1.jpg 600w, https:\/\/herbertfx.com\/wp-content\/uploads\/2017\/07\/v1-300x130.jpg 300w, https:\/\/herbertfx.com\/wp-content\/uploads\/2017\/07\/v1-50x22.jpg 50w, https:\/\/herbertfx.com\/wp-content\/uploads\/2017\/07\/v1-148x64.jpg 148w, https:\/\/herbertfx.com\/wp-content\/uploads\/2017\/07\/v1-31x13.jpg 31w, https:\/\/herbertfx.com\/wp-content\/uploads\/2017\/07\/v1-38x16.jpg 38w, https:\/\/herbertfx.com\/wp-content\/uploads\/2017\/07\/v1-425x184.jpg 425w\" sizes=\"auto, (max-width: 600px) 100vw, 600px\" \/><\/a><\/p>\n<p>Quando a instala\u00e7\u00e3o \u00e9 feito, voc\u00ea deve ter tr\u00eas \u00edcones em seu desktop.<\/p>\n<p>&#8211;OBS: Vamos utilizar apenas o gimx-launcher.<\/p>\n<p><a href=\"http:\/\/www.herbertfx.com\/wp-content\/uploads\/2017\/07\/v2.png\" rel=\"lightbox-2\" data-rel=\"lightbox-image-2\" data-rl_title=\"\" data-rl_caption=\"\" title=\"\"><img loading=\"lazy\" decoding=\"async\" class=\"aligncenter size-full wp-image-920\" src=\"http:\/\/www.herbertfx.com\/wp-content\/uploads\/2017\/07\/v2.png\" alt=\"\" width=\"600\" height=\"79\" srcset=\"https:\/\/herbertfx.com\/wp-content\/uploads\/2017\/07\/v2.png 600w, https:\/\/herbertfx.com\/wp-content\/uploads\/2017\/07\/v2-300x40.png 300w, https:\/\/herbertfx.com\/wp-content\/uploads\/2017\/07\/v2-50x7.png 50w, https:\/\/herbertfx.com\/wp-content\/uploads\/2017\/07\/v2-148x19.png 148w, https:\/\/herbertfx.com\/wp-content\/uploads\/2017\/07\/v2-31x4.png 31w, https:\/\/herbertfx.com\/wp-content\/uploads\/2017\/07\/v2-38x5.png 38w, https:\/\/herbertfx.com\/wp-content\/uploads\/2017\/07\/v2-425x56.png 425w\" sizes=\"auto, (max-width: 600px) 100vw, 600px\" \/><\/a><\/p>\n<p><strong>No\u00e7\u00f5es b\u00e1sicas de configura\u00e7\u00e3o<\/strong><\/p>\n<p>USB Adapter vem pr\u00e9-carregado com algumas configura\u00e7\u00f5es.<\/p>\n<p>NOTA!\u00a0Para abrir o diret\u00f3rio de configura\u00e7\u00e3o, clique em File&gt; Open diret\u00f3rio config na gimx-config, gimx-fpsconfig, ou gimx-lan\u00e7ador.<\/p>\n<ul>\n<li><strong>Ap\u00f3s baixar o programa GIMX, automaticamente seu computador vai pedir para instalar o programa \u201cCP210x USB to UART Bridge Drive Installer\u201d<\/strong><\/li>\n<\/ul>\n<p><strong>Baixe e instale o programa CP210x USB to UART Bridge Drive Installer<\/strong><\/p>\n<p>Com todos estes passos conclu\u00eddos, estamos prontos para ir em frente.<\/p>\n<p><strong>Instalando os cabos \/ checando se tudo est\u00e1 ok para acelerar!!<\/strong><\/p>\n<p>Falta muito pouco para utilizarmos o HF Adapter GIMX.<\/p>\n<p>Lembre-se do seguinte&gt;&gt;&gt;.<\/p>\n<ul>\n<li>Conecte seu controle de PS4 (desligado) ao Notebook ou Desktop atrav\u00e9s do cabo USB do pr\u00f3prio controle.<\/li>\n<li>Certifique-se que o cabo USB de seu volante j\u00e1 esteja conectado ao Notebook ou Desktop.<\/li>\n<li>Conecte o adaptador a sa\u00edda USB de seu notebook ou Desktop.<\/li>\n<li>Conecte o cabo USB\/Mini USB que enviamos em conjunto com o Adaptador (ou cabo semelhante em caso de defeito do cabo) o Mini USB ao adaptador e a outra extremidade USB ao PS4.<\/li>\n<\/ul>\n<p>A montagem ficaria assim:<\/p>\n<p><a href=\"http:\/\/www.herbertfx.com\/wp-content\/uploads\/2017\/07\/v5.png\" rel=\"lightbox-3\" data-rel=\"lightbox-image-3\" data-rl_title=\"\" data-rl_caption=\"\" title=\"\"><img loading=\"lazy\" decoding=\"async\" class=\"aligncenter size-full wp-image-922\" src=\"http:\/\/www.herbertfx.com\/wp-content\/uploads\/2017\/07\/v5.png\" alt=\"\" width=\"390\" height=\"424\" srcset=\"https:\/\/herbertfx.com\/wp-content\/uploads\/2017\/07\/v5.png 390w, https:\/\/herbertfx.com\/wp-content\/uploads\/2017\/07\/v5-350x381.png 350w, https:\/\/herbertfx.com\/wp-content\/uploads\/2017\/07\/v5-276x300.png 276w, https:\/\/herbertfx.com\/wp-content\/uploads\/2017\/07\/v5-46x50.png 46w, https:\/\/herbertfx.com\/wp-content\/uploads\/2017\/07\/v5-136x148.png 136w, https:\/\/herbertfx.com\/wp-content\/uploads\/2017\/07\/v5-29x31.png 29w, https:\/\/herbertfx.com\/wp-content\/uploads\/2017\/07\/v5-35x38.png 35w, https:\/\/herbertfx.com\/wp-content\/uploads\/2017\/07\/v5-198x215.png 198w\" sizes=\"auto, (max-width: 390px) 100vw, 390px\" \/><\/a><\/p>\n<p><strong>Executando o programa.<\/strong><\/p>\n<p>Estamos nos passos finais para que voc\u00ea possa utilizar seu volante atrav\u00e9s do HF Adapter GIMX.<\/p>\n<ul>\n<li>Execute o programa gimx-laucher e verifique se o adaptador \u00e9 reconhecido em uma porta COM.<\/li>\n<\/ul>\n<p style=\"text-align: center;\"><a href=\"http:\/\/www.herbertfx.com\/wp-content\/uploads\/2017\/07\/v6.jpg\" rel=\"lightbox-4\" data-rel=\"lightbox-image-4\" data-rl_title=\"\" data-rl_caption=\"\" title=\"\"><img loading=\"lazy\" decoding=\"async\" class=\"aligncenter size-full wp-image-923\" src=\"http:\/\/www.herbertfx.com\/wp-content\/uploads\/2017\/07\/v6.jpg\" alt=\"\" width=\"272\" height=\"299\" srcset=\"https:\/\/herbertfx.com\/wp-content\/uploads\/2017\/07\/v6.jpg 272w, https:\/\/herbertfx.com\/wp-content\/uploads\/2017\/07\/v6-45x50.jpg 45w, https:\/\/herbertfx.com\/wp-content\/uploads\/2017\/07\/v6-135x148.jpg 135w, https:\/\/herbertfx.com\/wp-content\/uploads\/2017\/07\/v6-28x31.jpg 28w, https:\/\/herbertfx.com\/wp-content\/uploads\/2017\/07\/v6-35x38.jpg 35w, https:\/\/herbertfx.com\/wp-content\/uploads\/2017\/07\/v6-196x215.jpg 196w\" sizes=\"auto, (max-width: 272px) 100vw, 272px\" \/><\/a><\/p>\n<p>Qualquer outra tela a n\u00e3o ser esta, significa que algo est\u00e1 errado.<\/p>\n<p>Neste caso se certifique que todos equipamentos est\u00e3o ligados: Volante, PS4.<\/p>\n<p>Se certifique de todos os cabos est\u00e3o instalados de maneira correta, ou at\u00e9 mesmo o bom funcionamento de todos os cabos.<\/p>\n<p>Ap\u00f3s aparecer a imagem logo acima, aperte Check.<\/p>\n<p>Ao apertar Check tal tela dever\u00e1 ser mostrada.<\/p>\n<p><a href=\"http:\/\/www.herbertfx.com\/wp-content\/uploads\/2017\/07\/v5-1.png\" rel=\"lightbox-5\" data-rel=\"lightbox-image-5\" data-rl_title=\"\" data-rl_caption=\"\" title=\"\"><img loading=\"lazy\" decoding=\"async\" class=\"aligncenter size-full wp-image-925\" src=\"http:\/\/www.herbertfx.com\/wp-content\/uploads\/2017\/07\/v5-1.png\" alt=\"\" width=\"190\" height=\"138\" srcset=\"https:\/\/herbertfx.com\/wp-content\/uploads\/2017\/07\/v5-1.png 190w, https:\/\/herbertfx.com\/wp-content\/uploads\/2017\/07\/v5-1-50x36.png 50w, https:\/\/herbertfx.com\/wp-content\/uploads\/2017\/07\/v5-1-148x107.png 148w, https:\/\/herbertfx.com\/wp-content\/uploads\/2017\/07\/v5-1-31x23.png 31w, https:\/\/herbertfx.com\/wp-content\/uploads\/2017\/07\/v5-1-38x28.png 38w\" sizes=\"auto, (max-width: 190px) 100vw, 190px\" \/><\/a><\/p>\n<p>Estando tudo ok, aperte a tecla Start.<\/p>\n<p>Neste momento uma nova tela vai abrir e ao final vai solicitar para que voc\u00ea aperte a tecla PS do volante.<\/p>\n<p>OBS1. com a atualiza\u00e7\u00e3o da vers\u00e3o 8.0 em alguns sistemas \u00e9 normal que apare\u00e7a essa tela&#8230;<br \/>\n<a href=\"https:\/\/herbertfx.com\/wp-content\/uploads\/2020\/05\/gimx_error-1.png\" rel=\"lightbox-6\" data-rel=\"lightbox-image-6\" data-rl_title=\"\" data-rl_caption=\"\" title=\"\"><img loading=\"lazy\" decoding=\"async\" class=\"size-full wp-image-1189 aligncenter\" src=\"https:\/\/herbertfx.com\/wp-content\/uploads\/2020\/05\/gimx_error-1.png\" alt=\"\" width=\"735\" height=\"386\" srcset=\"https:\/\/herbertfx.com\/wp-content\/uploads\/2020\/05\/gimx_error-1.png 735w, https:\/\/herbertfx.com\/wp-content\/uploads\/2020\/05\/gimx_error-1-600x315.png 600w, https:\/\/herbertfx.com\/wp-content\/uploads\/2020\/05\/gimx_error-1-300x158.png 300w, https:\/\/herbertfx.com\/wp-content\/uploads\/2020\/05\/gimx_error-1-50x26.png 50w, https:\/\/herbertfx.com\/wp-content\/uploads\/2020\/05\/gimx_error-1-640x336.png 640w, https:\/\/herbertfx.com\/wp-content\/uploads\/2020\/05\/gimx_error-1-100x53.png 100w\" sizes=\"auto, (max-width: 735px) 100vw, 735px\" \/><\/a><br \/>\nn\u00e3o se preocupe basta prosseguir!!<\/p>\n<p>Neste momento identifique onde a tecla PS est\u00e1 localizada em seu volante. Abaixo temos um exemplo da tecla PS no Logitech G27.<\/p>\n<p><a href=\"http:\/\/www.herbertfx.com\/wp-content\/uploads\/2017\/07\/v9.jpg\" rel=\"lightbox-7\" data-rel=\"lightbox-image-7\" data-rl_title=\"\" data-rl_caption=\"\" title=\"\"><img loading=\"lazy\" decoding=\"async\" class=\"aligncenter size-full wp-image-926\" src=\"http:\/\/www.herbertfx.com\/wp-content\/uploads\/2017\/07\/v9.jpg\" alt=\"\" width=\"417\" height=\"438\" srcset=\"https:\/\/herbertfx.com\/wp-content\/uploads\/2017\/07\/v9.jpg 417w, https:\/\/herbertfx.com\/wp-content\/uploads\/2017\/07\/v9-350x368.jpg 350w, https:\/\/herbertfx.com\/wp-content\/uploads\/2017\/07\/v9-286x300.jpg 286w, https:\/\/herbertfx.com\/wp-content\/uploads\/2017\/07\/v9-48x50.jpg 48w, https:\/\/herbertfx.com\/wp-content\/uploads\/2017\/07\/v9-141x148.jpg 141w, https:\/\/herbertfx.com\/wp-content\/uploads\/2017\/07\/v9-36x38.jpg 36w, https:\/\/herbertfx.com\/wp-content\/uploads\/2017\/07\/v9-205x215.jpg 205w\" sizes=\"auto, (max-width: 417px) 100vw, 417px\" \/><\/a><\/p>\n<p>Pronto. Seu volante j\u00e1 estar\u00e1 pronto para o uso no PS4 e no seu jogo preferido.<\/p>\n<p><strong>Observa\u00e7\u00f5es.<\/strong><\/p>\n<p>Fa\u00e7a as primeiras configura\u00e7\u00f5es no jogo como se fosse operar com um Logitech G29.<\/p>\n<p>A partir deste passo, fa\u00e7a algumas altera\u00e7\u00f5es de configura\u00e7\u00e3o de bot\u00e3o para configurar seu volante da melhor forma.<\/p>\n<p>Lembramos que alguns bot\u00f5es n\u00e3o ter\u00e3o funcionalidade, por\u00e9m a maioria deles ser\u00e3o configur\u00e1veis.<\/p>\n<p>Com o HF Adapter GIMX, \u00e9 poss\u00edvel operar diversos volantes descritos abaixo, por\u00e9m \u00e9 necess\u00e1rio identificar e selecionar o volante que ir\u00e1 utilizar no in\u00edcio do uso do programa GIMX.<\/p>\n<p><a href=\"http:\/\/www.herbertfx.com\/wp-content\/uploads\/2017\/07\/v5-2.png\" rel=\"lightbox-8\" data-rel=\"lightbox-image-8\" data-rl_title=\"\" data-rl_caption=\"\" title=\"\"><img loading=\"lazy\" decoding=\"async\" class=\"aligncenter size-full wp-image-927\" src=\"http:\/\/www.herbertfx.com\/wp-content\/uploads\/2017\/07\/v5-2.png\" alt=\"\" width=\"313\" height=\"335\" srcset=\"https:\/\/herbertfx.com\/wp-content\/uploads\/2017\/07\/v5-2.png 313w, https:\/\/herbertfx.com\/wp-content\/uploads\/2017\/07\/v5-2-280x300.png 280w, https:\/\/herbertfx.com\/wp-content\/uploads\/2017\/07\/v5-2-47x50.png 47w, https:\/\/herbertfx.com\/wp-content\/uploads\/2017\/07\/v5-2-138x148.png 138w, https:\/\/herbertfx.com\/wp-content\/uploads\/2017\/07\/v5-2-29x31.png 29w, https:\/\/herbertfx.com\/wp-content\/uploads\/2017\/07\/v5-2-36x38.png 36w, https:\/\/herbertfx.com\/wp-content\/uploads\/2017\/07\/v5-2-201x215.png 201w\" sizes=\"auto, (max-width: 313px) 100vw, 313px\" \/><\/a><\/p>\n<p>O downloader arquivo de configura\u00e7\u00e3o exibe todos os arquivos de configura\u00e7\u00e3o dispon\u00edveis para download:<\/p>\n<p><a href=\"http:\/\/www.herbertfx.com\/wp-content\/uploads\/2017\/07\/v5-3.png\" rel=\"lightbox-9\" data-rel=\"lightbox-image-9\" data-rl_title=\"\" data-rl_caption=\"\" title=\"\"><img loading=\"lazy\" decoding=\"async\" class=\"aligncenter size-large wp-image-929\" src=\"http:\/\/www.herbertfx.com\/wp-content\/uploads\/2017\/07\/v5-3.png\" alt=\"\" width=\"317\" height=\"293\" srcset=\"https:\/\/herbertfx.com\/wp-content\/uploads\/2017\/07\/v5-3.png 317w, https:\/\/herbertfx.com\/wp-content\/uploads\/2017\/07\/v5-3-300x277.png 300w, https:\/\/herbertfx.com\/wp-content\/uploads\/2017\/07\/v5-3-50x46.png 50w, https:\/\/herbertfx.com\/wp-content\/uploads\/2017\/07\/v5-3-148x137.png 148w, https:\/\/herbertfx.com\/wp-content\/uploads\/2017\/07\/v5-3-31x29.png 31w, https:\/\/herbertfx.com\/wp-content\/uploads\/2017\/07\/v5-3-38x35.png 38w, https:\/\/herbertfx.com\/wp-content\/uploads\/2017\/07\/v5-3-233x215.png 233w\" sizes=\"auto, (max-width: 317px) 100vw, 317px\" \/><\/a><\/p>\n<p><strong>Suporte T\u00e9cnico.<\/strong><\/p>\n<p>D\u00favidas poder\u00e3o ser tiradas atrav\u00e9s do e-mail.<\/p>\n<p>Para entrar em contato atrav\u00e9s de e-mail, envie um e-mail para <a href=\"mailto:Herbertfx@gmail.com\">Herbertfx@gmail.com .<\/a><\/p>\n<div class=\"WordSection1\">\u00a0Termo de Responsabilidade:<\/div>\n<div>A HF ADAPTER disponibiliza uma garantia total do produto por 3 MESES.<\/div>\n<div>A HF ADAPTER n\u00e3o se responsabiliza por configura\u00e7\u00f5es err\u00f4neas no Windows \/ Linux.<\/div>\n<div>A HF ADAPTER se isenta de qualquer responsabilidade com perda de dados ou mau uso do produto.<\/div>\n<div>Ao Adquirir o\u00a0 HF ADAPTER\u00a0 esses termos s\u00e3o automaticamente validados.<\/div>\n<div><\/div>\n<div>UMA \u00d3TIMA CORRIDA A TODOS!!!<\/div>\n<div><\/div>\n<div>PIT STOP1: uma limita\u00e7\u00e3o encontrada pelo piloto Vini_Strife \u00e9 que ele n\u00e3o funciona a entrada P2 de \u00e1udio, para que possa ser usado precisaria de um 2 controle ou que seja Bluetooth.<\/div>\n<div><\/div>\n","protected":false},"excerpt":{"rendered":"<p>BEM VINDO AO MUNDO HF ADAPTER GIMX!! Aqui voc\u00ea vai tirar as principais duvidas do produto: O que \u00e9 HF ADAPTER?? R: Adaptador para tornar compat\u00edvel os principais volantes\u00a0do mercado.<a href=\"https:\/\/herbertfx.com\/\" class=\"more-link\"><span class=\"more-button\">Continue reading<span class=\"screen-reader-text\">CENTRO DE PESQUISA HF ADAPTER GIMX<\/span><\/span><\/a><\/p>\n","protected":false},"author":1,"featured_media":0,"parent":0,"menu_order":0,"comment_status":"closed","ping_status":"closed","template":"","meta":{"footnotes":""},"class_list":["post-917","page","type-page","status-publish","hentry"],"wppr_data":{"cwp_meta_box_check":"No"},"_links":{"self":[{"href":"https:\/\/herbertfx.com\/index.php?rest_route=\/wp\/v2\/pages\/917","targetHints":{"allow":["GET"]}}],"collection":[{"href":"https:\/\/herbertfx.com\/index.php?rest_route=\/wp\/v2\/pages"}],"about":[{"href":"https:\/\/herbertfx.com\/index.php?rest_route=\/wp\/v2\/types\/page"}],"author":[{"embeddable":true,"href":"https:\/\/herbertfx.com\/index.php?rest_route=\/wp\/v2\/users\/1"}],"replies":[{"embeddable":true,"href":"https:\/\/herbertfx.com\/index.php?rest_route=%2Fwp%2Fv2%2Fcomments&post=917"}],"version-history":[{"count":13,"href":"https:\/\/herbertfx.com\/index.php?rest_route=\/wp\/v2\/pages\/917\/revisions"}],"predecessor-version":[{"id":1305,"href":"https:\/\/herbertfx.com\/index.php?rest_route=\/wp\/v2\/pages\/917\/revisions\/1305"}],"wp:attachment":[{"href":"https:\/\/herbertfx.com\/index.php?rest_route=%2Fwp%2Fv2%2Fmedia&parent=917"}],"curies":[{"name":"wp","href":"https:\/\/api.w.org\/{rel}","templated":true}]}}