{"id":112,"date":"2009-08-18T09:45:39","date_gmt":"2009-08-18T12:45:39","guid":{"rendered":"http:\/\/herbertfx.com\/?page_id=112"},"modified":"2025-07-01T20:59:29","modified_gmt":"2025-07-01T23:59:29","slug":"o-piloto","status":"publish","type":"page","link":"https:\/\/herbertfx.com\/?page_id=112","title":{"rendered":"O Piloto"},"content":{"rendered":"<div><\/div>\n<div>\n<p><strong><a href=\"https:\/\/herbertfx.com\/wp-content\/uploads\/2025\/07\/unnamed.jpg\" rel=\"lightbox-0\" data-rel=\"lightbox-image-0\" data-rl_title=\"\" data-rl_caption=\"\"><img loading=\"lazy\" decoding=\"async\" class=\"wp-image-1288  alignleft\" title=\"\" src=\"https:\/\/herbertfx.com\/wp-content\/uploads\/2025\/07\/unnamed.jpg\" alt=\"\" width=\"332\" height=\"332\" srcset=\"https:\/\/herbertfx.com\/wp-content\/uploads\/2025\/07\/unnamed.jpg 576w, https:\/\/herbertfx.com\/wp-content\/uploads\/2025\/07\/unnamed-300x300.jpg 300w, https:\/\/herbertfx.com\/wp-content\/uploads\/2025\/07\/unnamed-150x150.jpg 150w, https:\/\/herbertfx.com\/wp-content\/uploads\/2025\/07\/unnamed-50x50.jpg 50w, https:\/\/herbertfx.com\/wp-content\/uploads\/2025\/07\/unnamed-480x480.jpg 480w, https:\/\/herbertfx.com\/wp-content\/uploads\/2025\/07\/unnamed-100x100.jpg 100w, https:\/\/herbertfx.com\/wp-content\/uploads\/2025\/07\/unnamed-240x240.jpg 240w\" sizes=\"auto, (max-width: 332px) 100vw, 332px\" \/><\/a>NOME: HERBERT MORAES FRATINI<br \/>\n<\/strong><strong>IDADE: 40<br \/>\n<\/strong><strong>PESO: 70 Kl<br \/>\n<\/strong><strong>ALTURA: 1.74 M<br \/>\n<\/strong><strong>PROFISS\u00c3O: PROGRAMADOR e PILOTO<\/strong><b>&#8220;A vit\u00f3ria\u00a0\u00e9 a consequ\u00eancia do esfor\u00e7o&#8221;<\/b><br \/>\n<strong>Chassis: Thunder<br \/>\n<\/strong><strong>Motor: Honda 4 Tempos<\/strong><\/p>\n<\/div>\n<p><strong><span style=\"font-size: small;\">\u00a0<\/span><\/strong><\/p>\n<figure id=\"attachment_594\" aria-describedby=\"caption-attachment-594\" style=\"width: 300px\" class=\"wp-caption alignright\"><a href=\"http:\/\/www.herbertfx.com\/wp-content\/uploads\/2009\/08\/IMG_1204.jpg\" rel=\"lightbox-1\" data-rel=\"lightbox-image-1\" data-rl_title=\"\" data-rl_caption=\"\"><img loading=\"lazy\" decoding=\"async\" class=\"size-medium wp-image-594\" title=\"\" src=\"http:\/\/www.herbertfx.com\/wp-content\/uploads\/2009\/08\/IMG_1204-300x200.jpg\" alt=\"\" width=\"300\" height=\"200\" srcset=\"https:\/\/herbertfx.com\/wp-content\/uploads\/2009\/08\/IMG_1204-300x200.jpg 300w, https:\/\/herbertfx.com\/wp-content\/uploads\/2009\/08\/IMG_1204-scaled-600x400.jpg 600w, https:\/\/herbertfx.com\/wp-content\/uploads\/2009\/08\/IMG_1204-1024x683.jpg 1024w, https:\/\/herbertfx.com\/wp-content\/uploads\/2009\/08\/IMG_1204-768x512.jpg 768w, https:\/\/herbertfx.com\/wp-content\/uploads\/2009\/08\/IMG_1204-148x99.jpg 148w, https:\/\/herbertfx.com\/wp-content\/uploads\/2009\/08\/IMG_1204-31x21.jpg 31w, https:\/\/herbertfx.com\/wp-content\/uploads\/2009\/08\/IMG_1204-38x25.jpg 38w, https:\/\/herbertfx.com\/wp-content\/uploads\/2009\/08\/IMG_1204-323x215.jpg 323w, https:\/\/herbertfx.com\/wp-content\/uploads\/2009\/08\/IMG_1204-50x33.jpg 50w\" sizes=\"auto, (max-width: 300px) 100vw, 300px\" \/><\/a><figcaption id=\"caption-attachment-594\" class=\"wp-caption-text\">Pilotando o Thunder Kart<\/figcaption><\/figure>\n<div><span style=\"font-size: small;\"><br \/>\n<\/span><\/p>\n<div>\n<div>\n<div>\n<h3><strong><span style=\"font-size: small;\">Agrade\u00e7o a Deus e todos desde minha fam\u00edlia at\u00e9 meus grandes amigos!!<\/span><\/strong><\/h3>\n<\/div>\n<\/div>\n<\/div>\n<\/div>\n","protected":false},"excerpt":{"rendered":"<p>NOME: HERBERT MORAES FRATINI IDADE: 40 PESO: 70 Kl ALTURA: 1.74 M PROFISS\u00c3O: PROGRAMADOR e PILOTO&#8220;A vit\u00f3ria\u00a0\u00e9 a consequ\u00eancia do esfor\u00e7o&#8221; Chassis: Thunder Motor: Honda 4 Tempos \u00a0 Agrade\u00e7o a<a href=\"https:\/\/herbertfx.com\/?page_id=112\" class=\"more-link\"><span class=\"more-button\">Continue reading<span class=\"screen-reader-text\">O Piloto<\/span><\/span><\/a><\/p>\n","protected":false},"author":1,"featured_media":0,"parent":0,"menu_order":1,"comment_status":"closed","ping_status":"closed","template":"","meta":{"footnotes":""},"class_list":["post-112","page","type-page","status-publish","hentry"],"wppr_data":{"cwp_meta_box_check":"No"},"_links":{"self":[{"href":"https:\/\/herbertfx.com\/index.php?rest_route=\/wp\/v2\/pages\/112","targetHints":{"allow":["GET"]}}],"collection":[{"href":"https:\/\/herbertfx.com\/index.php?rest_route=\/wp\/v2\/pages"}],"about":[{"href":"https:\/\/herbertfx.com\/index.php?rest_route=\/wp\/v2\/types\/page"}],"author":[{"embeddable":true,"href":"https:\/\/herbertfx.com\/index.php?rest_route=\/wp\/v2\/users\/1"}],"replies":[{"embeddable":true,"href":"https:\/\/herbertfx.com\/index.php?rest_route=%2Fwp%2Fv2%2Fcomments&post=112"}],"version-history":[{"count":32,"href":"https:\/\/herbertfx.com\/index.php?rest_route=\/wp\/v2\/pages\/112\/revisions"}],"predecessor-version":[{"id":1293,"href":"https:\/\/herbertfx.com\/index.php?rest_route=\/wp\/v2\/pages\/112\/revisions\/1293"}],"wp:attachment":[{"href":"https:\/\/herbertfx.com\/index.php?rest_route=%2Fwp%2Fv2%2Fmedia&parent=112"}],"curies":[{"name":"wp","href":"https:\/\/api.w.org\/{rel}","templated":true}]}}